{"id":4131,"date":"2017-08-17T22:32:32","date_gmt":"2017-08-17T20:32:32","guid":{"rendered":"https:\/\/www.ab3d.at\/4131-2\/"},"modified":"2023-04-18T21:30:06","modified_gmt":"2023-04-18T19:30:06","slug":"4131-2","status":"publish","type":"page","link":"https:\/\/www.ab3d.at\/en\/4131-2\/","title":{"rendered":""},"content":{"rendered":"<p>[display-posts include_excerpt=&#8221;true&#8221; excerpt_length=&#8221;35&#8243; image_size=&#8221;thumbnail&#8221; wrapper=&#8221;div&#8221; columns=&#8221;1&#8243;]<\/p>\n","protected":false},"excerpt":{"rendered":"<p>[display-posts include_excerpt=&#8221;true&#8221; excerpt_length=&#8221;35&#8243; image_size=&#8221;thumbnail&#8221; wrapper=&#8221;div&#8221; columns=&#8221;1&#8243;]<\/p>\n","protected":false},"author":1,"featured_media":0,"parent":0,"menu_order":0,"comment_status":"closed","ping_status":"closed","template":"","meta":{"advanced_seo_description":"","jetpack_seo_html_title":"","jetpack_seo_noindex":false,"footnotes":""},"class_list":["post-4131","page","type-page","status-publish","hentry"],"acf":[],"jetpack_shortlink":"https:\/\/wp.me\/P95hQu-14D","jetpack-related-posts":[{"id":194,"url":"https:\/\/www.ab3d.at\/about\/","url_meta":{"origin":4131,"position":0},"title":"\u00dcber AB3D","author":"Alexander Bauer","date":"17. August 2017","format":false,"excerpt":"Wer steckt hinter AB3D und warum mache ich das \u00fcberhaupt? Mein Name ist Alexander Bauer und ich habe vor geraumer Zeit die Leidenschaft und den Spa\u00df an den Themen 3D Druck, 3D Design und der Do-It-Yourself bzw. Makerszene entdeckt. Worum geht's eigentlich In diesem Blog m\u00f6chte ich Euch die Welt\u2026","rel":"","context":"Similar post","block_context":{"text":"Similar post","link":""},"img":{"alt_text":"","src":"https:\/\/i0.wp.com\/www.ab3d.at\/wp-content\/uploads\/2017\/08\/WP_20150201_13_51_49_Pro-300x169.jpg?resize=350%2C200&ssl=1","width":350,"height":200},"classes":[]},{"id":4165,"url":"https:\/\/www.ab3d.at\/en\/supporting-me\/","url_meta":{"origin":4131,"position":1},"title":"Supporting me","author":"Alexander Bauer","date":"14. August 2017","format":false,"excerpt":"A personal thing As you may imaging, operating this site is a lot of work. Preparing projects and content needs money and time. If you like the content on this site, I would appriciate if you support me. This is how you can support me Like my facebook site, follow\u2026","rel":"","context":"Similar post","block_context":{"text":"Similar post","link":""},"img":{"alt_text":"","src":"","width":0,"height":0},"classes":[]},{"id":2224,"url":"https:\/\/www.ab3d.at\/empfohlene-produkte\/zubehoer\/","url_meta":{"origin":4131,"position":2},"title":"Zubeh\u00f6r","author":"Alexander Bauer","date":"9. March 2021","format":false,"excerpt":"Bei einem 3D Drucker gibt es einige Teile, die durch regelm\u00e4\u00dfige Verwendung verschlei\u00dfen. Darunter fallen z.B. D\u00fcsen oder Druckplattformen. Es schadet nicht, von diesen Teilen immer zumindest ein oder zwei St\u00fcck auf Lager zu haben. Aber nicht nur Verschlei\u00dfteile solltest du immer griffbereit haben. Auch Gegenst\u00e4nde wie eine Schiebelehre zum\u2026","rel":"","context":"Similar post","block_context":{"text":"Similar post","link":""},"img":{"alt_text":"","src":"","width":0,"height":0},"classes":[]},{"id":744,"url":"https:\/\/www.ab3d.at\/datenschutz\/","url_meta":{"origin":4131,"position":3},"title":"Datenschutz","author":"Alexander Bauer","date":"10. May 2018","format":false,"excerpt":"Datenschutzerkl\u00e4rung Einleitung und \u00dcberblick Wir haben diese Datenschutzerkl\u00e4rung (Fassung 10.07.2025-113024571) verfasst, um Ihnen gem\u00e4\u00df der Vorgaben der\u00a0Datenschutz-Grundverordnung (EU) 2016\/679\u00a0und anwendbaren nationalen Gesetzen zu erkl\u00e4ren, welche personenbezogenen Daten (kurz Daten) wir als Verantwortliche \u2013 und die von uns beauftragten Auftragsverarbeiter (z. B. Provider) \u2013 verarbeiten, zuk\u00fcnftig verarbeiten werden und welche rechtm\u00e4\u00dfigen\u2026","rel":"","context":"Similar post","block_context":{"text":"Similar post","link":""},"img":{"alt_text":"","src":"https:\/\/www.adsimple.at\/wp-content\/uploads\/2018\/03\/schlosssymbol-https.svg","width":350,"height":200},"classes":[]},{"id":2206,"url":"https:\/\/www.ab3d.at\/empfohlene-produkte\/3d-drucker\/","url_meta":{"origin":4131,"position":4},"title":"3D Drucker","author":"Alexander Bauer","date":"9. March 2021","format":false,"excerpt":"Du hast Interesse einen 3D Drucker zu kaufen? Dann darf ich dir auf dieser Seite ein paar Punkte nennen, auf die du achten solltest und dir weiters einige Drucker vorstellen. Bei den hier verwendeten Links zu den jeweiligen Produkten handelt es sich um Affiliate Links. Das hei\u00dft, wenn du auf\u2026","rel":"","context":"Similar post","block_context":{"text":"Similar post","link":""},"img":{"alt_text":"The best home 3D printer of 2020","src":"https:\/\/i0.wp.com\/partner.prusa3d.com\/accounts\/default1\/x0vb19\/71ba12bb.jpg?resize=350%2C200","width":350,"height":200,"srcset":"https:\/\/i0.wp.com\/partner.prusa3d.com\/accounts\/default1\/x0vb19\/71ba12bb.jpg?resize=350%2C200 1x, https:\/\/i0.wp.com\/partner.prusa3d.com\/accounts\/default1\/x0vb19\/71ba12bb.jpg?resize=525%2C300 1.5x, https:\/\/i0.wp.com\/partner.prusa3d.com\/accounts\/default1\/x0vb19\/71ba12bb.jpg?resize=700%2C400 2x"},"classes":[]},{"id":2232,"url":"https:\/\/www.ab3d.at\/empfohlene-produkte\/sonstiges\/","url_meta":{"origin":4131,"position":5},"title":"Sonstiges","author":"Alexander Bauer","date":"9. March 2021","format":false,"excerpt":"Wie du vermutlich mitbekommen hast, verwende ich bei manchen Post in meinem Blog spezielles Equipment. Dieses Equipment hat nicht immer zwangsl\u00e4ufig direkt etwas mit dem 3D Druck zu tun, ich m\u00f6chte es dir aber trotzdem nicht vorenthalten. Daher findest du auf dieser Seite Dinge wie Feuerl\u00f6scher, Rauchmelder, Schaltsteckdosen, etc. Bei\u2026","rel":"","context":"Similar post","block_context":{"text":"Similar post","link":""},"img":{"alt_text":"","src":"","width":0,"height":0},"classes":[]}],"jetpack_likes_enabled":true,"jetpack_sharing_enabled":true,"_links":{"self":[{"href":"https:\/\/www.ab3d.at\/en\/wp-json\/wp\/v2\/pages\/4131","targetHints":{"allow":["GET"]}}],"collection":[{"href":"https:\/\/www.ab3d.at\/en\/wp-json\/wp\/v2\/pages"}],"about":[{"href":"https:\/\/www.ab3d.at\/en\/wp-json\/wp\/v2\/types\/page"}],"author":[{"embeddable":true,"href":"https:\/\/www.ab3d.at\/en\/wp-json\/wp\/v2\/users\/1"}],"replies":[{"embeddable":true,"href":"https:\/\/www.ab3d.at\/en\/wp-json\/wp\/v2\/comments?post=4131"}],"version-history":[{"count":1,"href":"https:\/\/www.ab3d.at\/en\/wp-json\/wp\/v2\/pages\/4131\/revisions"}],"predecessor-version":[{"id":4132,"href":"https:\/\/www.ab3d.at\/en\/wp-json\/wp\/v2\/pages\/4131\/revisions\/4132"}],"wp:attachment":[{"href":"https:\/\/www.ab3d.at\/en\/wp-json\/wp\/v2\/media?parent=4131"}],"curies":[{"name":"wp","href":"https:\/\/api.w.org\/{rel}","templated":true}]}}