{"id":4173,"date":"2017-10-14T00:38:45","date_gmt":"2017-10-13T22:38:45","guid":{"rendered":"https:\/\/www.ab3d.at\/imprint\/"},"modified":"2017-10-14T00:38:45","modified_gmt":"2017-10-13T22:38:45","slug":"imprint","status":"publish","type":"page","link":"https:\/\/www.ab3d.at\/en\/imprint\/","title":{"rendered":"Imprint"},"content":{"rendered":"<p>Information obligation according to \u00a75 e-commerce law, \u00a714 company code, \u00a763 trade regulations and disclosure obligation according to \u00a725 media law.<\/p>\n<p>AB3D Alexander Bauer Anton-Baumgartner-Str. 44\/C7\/0107 1230 Vienna Austria ATU73531537<\/p>\n<div>\n<p>E-mail:&nbsp;<a href=\"mailto:hello@ab3d.at\" target=\"_blank\" rel=\"noopener noreferrer\">hello@ab3d.at<\/a><br \/>\nTel.:&nbsp;+43 676 910 26 30<\/p>\n<\/div>\n<div>\n<p>Handelsgericht Wien, 1030 Wien, Marxergasse 1a<br \/>\n<a href=\"https:\/\/firmen.wko.at\/Web\/DetailsKontakt.aspx?FirmaID=26955155-08cf-401b-af6e-03f7026415ac&amp;StandortID=0&amp;Suchbegriff=Alexander+bauer&amp;Page=1\"><img loading=\"lazy\" decoding=\"async\" class=\"alignleft wp-image-884 size-full\" src=\"https:\/\/www.ab3d.at\/wp-content\/uploads\/2020\/03\/wko-1.gif\" alt=\"\" width=\"169\" height=\"23\"><\/a><\/p>\n<\/div>\n<p>Quelle: Created&nbsp;with the <a title=\"Imprint generator from firmenwebseiten.at\" href=\"https:\/\/www.firmenwebseiten.at\/impressum-generator\/\" target=\"_blank\" rel=\"follow noopener noreferrer\">Imprint Generator from firmenwebseiten.at<\/a>&nbsp;in cooperation with <a class=\"external\" href=\"https:\/\/www.smartetechnik.at\" target=\"_blank\" rel=\"follow noopener noreferrer\">smartetechnik.at<\/a><\/p>\n<h2>EU Dispute Settlement<\/h2>\n<p>Information on online dispute resolution: Consumers have the option of submitting complaints to the EU&#8217;s online dispute resolution platform: <a class=\"external\" href=\"https:\/\/ec.europa.eu\/consumers\/odr\/main\/index.cfm?event=main.home2.show&amp;lng=DE\" rel=\"nofollow\">https:\/\/ec.europa.eu\/consumers\/odr\/main\/index.cfm?event=main.home2.show&amp;lng=DE<\/a>. You can also send any complaints to the above e-mail address.<\/p>\n<h2>Liability for the content of the site.<\/h2>\n<p>We are continuously improve and extend the content on our site and try to ensure to that the information provided is correct and up to date. Nevertheless we will not take over any kind of liability for the content provided on this website. Should there be any kind of problematic or unlawful content, please contact us immediately by use of the contact data shown on this site or by use of the contact site.  <\/p>\n<h2>Liability for Link on this site<\/h2>\n<p>Our site contains links to other sites. We cannot liable in any way for the content on this sites. If you notice illegal links on our website, please contact us. You will find the contact details in the imprint. <\/p>\n<h2>Copyright<\/h2>\n<p>All content shown on thsi site (images, photos, texts and vidoes) are copyright protected. If necessary, we will prosecute the unauthorized use of parts of the content of our site. <\/p>\n<h2>Credits and rights for images<\/h2>\n<p>Images, photos and graphics shown on this site are copyright protected. These images, photos and graphics are either licensed or property by the owner of this<\/p>\n<h1>Data Privacy Policy<\/h1>\n<p>You find our data privacy policy <a href=\"https:\/\/www.ab3d.at\/datenschutz\">here.<\/a><\/p>\n","protected":false},"excerpt":{"rendered":"<p>Information obligation according to \u00a75 e-commerce law, \u00a714 company code, \u00a763 trade regulations and disclosure obligation according to \u00a725 media law. AB3D Alexander Bauer Anton-Baumgartner-Str. 44\/C7\/0107 1230 Vienna Austria ATU73531537<\/p>\n","protected":false},"author":1,"featured_media":0,"parent":0,"menu_order":0,"comment_status":"closed","ping_status":"closed","template":"","meta":{"advanced_seo_description":"","jetpack_seo_html_title":"","jetpack_seo_noindex":false,"footnotes":""},"class_list":["post-4173","page","type-page","status-publish","hentry"],"acf":[],"jetpack_shortlink":"https:\/\/wp.me\/P95hQu-15j","jetpack-related-posts":[{"id":4168,"url":"https:\/\/www.ab3d.at\/en\/about-ab3d\/","url_meta":{"origin":4173,"position":0},"title":"About AB3D","author":"Alexander Bauer","date":"17. August 2017","format":false,"excerpt":"Who is behind AB3D and why am I doing all that? My name as Alex. A few year ago I took my first steps in 3D printing and CAD design for 3D printing and with the time I got deeper and deeper into it. What is AB3D about? With this\u2026","rel":"","context":"Similar post","block_context":{"text":"Similar post","link":""},"img":{"alt_text":"","src":"https:\/\/i0.wp.com\/www.ab3d.at\/wp-content\/uploads\/2017\/08\/WP_20150201_13_51_49_Pro-300x169.jpg?resize=350%2C200&ssl=1","width":350,"height":200},"classes":[]},{"id":440,"url":"https:\/\/www.ab3d.at\/impressum\/","url_meta":{"origin":4173,"position":1},"title":"Impressum","author":"Alexander Bauer","date":"14. October 2017","format":false,"excerpt":"Informationspflicht laut \u00a75 E-Commerce Gesetz, \u00a714 Unternehmensgesetzbuch, \u00a763 Gewerbeordnung und Offenlegungspflicht laut \u00a725 Mediengesetz. AB3D Alexander Bauer Anton-Baumgartner-Stra\u00dfe 44\/C7\/0107 1230 Wien ATU73531537 E-mail:\u00a0hello@ab3d.at Tel.:\u00a0+43 676 910 26 30 Handelsgericht Wien, 1030 Wien, Marxergasse 1a Quelle: Erstellt\u00a0mit dem Impressum Generator von firmenwebseiten.at\u00a0in Kooperation mit smartetechnik.at EU-Streitschlichtung Angaben zur Online-Streitbeilegung: Verbraucher haben\u2026","rel":"","context":"Similar post","block_context":{"text":"Similar post","link":""},"img":{"alt_text":"","src":"https:\/\/i0.wp.com\/www.ab3d.at\/wp-content\/uploads\/2020\/03\/wko-1.gif?resize=350%2C200&ssl=1","width":350,"height":200},"classes":[]},{"id":4166,"url":"https:\/\/www.ab3d.at\/en\/contact\/","url_meta":{"origin":4173,"position":2},"title":"Contact","author":"Alexander Bauer","date":"16. August 2017","format":false,"excerpt":"You want to get in contact with me or just simply ask something related to the world of 3d printing? Do you need a design, a modell printed or just some support buying a printer? No problem at all. Just fill out the following form and contact me. I will\u2026","rel":"","context":"Similar post","block_context":{"text":"Similar post","link":""},"img":{"alt_text":"","src":"","width":0,"height":0},"classes":[]},{"id":4171,"url":"https:\/\/www.ab3d.at\/en\/recommended-products\/","url_meta":{"origin":4173,"position":3},"title":"Recommended Products","author":"Alexander Bauer","date":"8. March 2021","format":false,"excerpt":"If you are into a certain topic for a longer time, in my case 3D printing, you get your hands on various different stuff. Some of those things are really good, some of them are not. On this site I want to show to the stuff I am working with.\u2026","rel":"","context":"Similar post","block_context":{"text":"Similar post","link":""},"img":{"alt_text":"","src":"https:\/\/i0.wp.com\/www.ab3d.at\/wp-content\/uploads\/2021\/03\/printer-150x150.jpg?resize=350%2C200&ssl=1","width":350,"height":200,"srcset":"https:\/\/i0.wp.com\/www.ab3d.at\/wp-content\/uploads\/2021\/03\/printer-150x150.jpg?resize=350%2C200&ssl=1 1x, https:\/\/i0.wp.com\/www.ab3d.at\/wp-content\/uploads\/2021\/03\/printer-150x150.jpg?resize=525%2C300&ssl=1 1.5x, https:\/\/i0.wp.com\/www.ab3d.at\/wp-content\/uploads\/2021\/03\/printer-150x150.jpg?resize=700%2C400&ssl=1 2x"},"classes":[]},{"id":744,"url":"https:\/\/www.ab3d.at\/datenschutz\/","url_meta":{"origin":4173,"position":4},"title":"Datenschutz","author":"Alexander Bauer","date":"10. May 2018","format":false,"excerpt":"Datenschutzerkl\u00e4rung Einleitung und \u00dcberblick Wir haben diese Datenschutzerkl\u00e4rung (Fassung 10.07.2025-113024571) verfasst, um Ihnen gem\u00e4\u00df der Vorgaben der\u00a0Datenschutz-Grundverordnung (EU) 2016\/679\u00a0und anwendbaren nationalen Gesetzen zu erkl\u00e4ren, welche personenbezogenen Daten (kurz Daten) wir als Verantwortliche \u2013 und die von uns beauftragten Auftragsverarbeiter (z. B. Provider) \u2013 verarbeiten, zuk\u00fcnftig verarbeiten werden und welche rechtm\u00e4\u00dfigen\u2026","rel":"","context":"Similar post","block_context":{"text":"Similar post","link":""},"img":{"alt_text":"","src":"https:\/\/www.adsimple.at\/wp-content\/uploads\/2018\/03\/schlosssymbol-https.svg","width":350,"height":200},"classes":[]},{"id":4169,"url":"https:\/\/www.ab3d.at\/en\/cookie-policy\/","url_meta":{"origin":4173,"position":5},"title":"Cookie Policy","author":"Alexander Bauer","date":"29. November 2017","format":false,"excerpt":"Yes, this site uses cookies. But what are cookies and what are they used for? What Are Cookies? In terms of computers, cookies are tiny text files. They are created from the websites you are visiting. Cookies store information, e.g. your preferred language or other personal site related settings. But\u2026","rel":"","context":"Similar post","block_context":{"text":"Similar post","link":""},"img":{"alt_text":"","src":"","width":0,"height":0},"classes":[]}],"jetpack_likes_enabled":true,"jetpack_sharing_enabled":true,"_links":{"self":[{"href":"https:\/\/www.ab3d.at\/en\/wp-json\/wp\/v2\/pages\/4173","targetHints":{"allow":["GET"]}}],"collection":[{"href":"https:\/\/www.ab3d.at\/en\/wp-json\/wp\/v2\/pages"}],"about":[{"href":"https:\/\/www.ab3d.at\/en\/wp-json\/wp\/v2\/types\/page"}],"author":[{"embeddable":true,"href":"https:\/\/www.ab3d.at\/en\/wp-json\/wp\/v2\/users\/1"}],"replies":[{"embeddable":true,"href":"https:\/\/www.ab3d.at\/en\/wp-json\/wp\/v2\/comments?post=4173"}],"version-history":[{"count":0,"href":"https:\/\/www.ab3d.at\/en\/wp-json\/wp\/v2\/pages\/4173\/revisions"}],"wp:attachment":[{"href":"https:\/\/www.ab3d.at\/en\/wp-json\/wp\/v2\/media?parent=4173"}],"curies":[{"name":"wp","href":"https:\/\/api.w.org\/{rel}","templated":true}]}}